{"id":243,"date":"2011-06-19T22:45:50","date_gmt":"2011-06-19T20:45:50","guid":{"rendered":"http:\/\/192.168.1.78\/?page_id=243"},"modified":"2025-11-21T15:37:22","modified_gmt":"2025-11-21T13:37:22","slug":"impressum","status":"publish","type":"page","link":"https:\/\/www.internistenbernadottestrasse.de\/?page_id=243","title":{"rendered":"Impressum"},"content":{"rendered":"<p style=\"text-align: justify;\">Internistenpraxis Bernadottestrasse<\/p>\n<p style=\"text-align: justify;\">Marco Soltau\nBernadottestrasse 1\n&#8211; Altona &#8211;\n22763 Hamburg\nDeutschland ( Germany )<\/p>\n<p style=\"text-align: justify;\"><strong>Rechtliches:<\/strong><\/p>\n<p style=\"text-align: justify;\"><strong>Zust\u00e4ndige Aufsichtsbeh\u00f6rde<\/strong><\/p>\n<p style=\"text-align: justify;\"><span style=\"color: #000000;\">Kassen\u00e4rztliche Vereinigung Hamburg<\/span>\nK\u00f6rperschaft \u00f6ffentlichen Rechts\nHumboldtstra\u00dfe 56\n22083 Hamburg<\/p>\n<p style=\"text-align: justify;\"><strong>Zust\u00e4ndige Kammer<\/strong><\/p>\n<p style=\"text-align: justify;\">\u00c4rztekammer Hamburg\nK\u00f6rperschaft \u00f6ffentlichen Rechts\nHumboldtstra\u00dfe 56\n22083 Hamburg<\/p>\nBerufsbezeichnung f\u00fcr Marco Soltau, Arzt, verliehen in der Bundesrepublik Deutschland\n<p style=\"text-align: justify;\">Berufsrechtliche Regelungen finden Sie auf dieser Webseite: http:\/\/www.aerztekammer-hamburg.org\/recht_und_goae.html<\/p>\n<p style=\"text-align: justify;\"><strong>Haftungsausschluss:<\/strong><\/p>\n<p style=\"text-align: justify;\">F\u00fcr Fehler im Text oder falsche Links wird keine Haftung \u00fcbernommen. Weiterf\u00fchrende Links liegen au\u00dferhalb unserer Verantwortung, da wir weder auf Inhalt und Gestaltung noch auf von dort weiterf\u00fchrende Links Einfluss haben. Sie unterliegen der Haftung der jeweiligen Anbieter. Die Inhalte dieser Website werden mit gr\u00f6\u00dftm\u00f6glicher Sorgfalt recherchiert. Gleichwohl \u00fcbernimmt der Anbieter keine Haftung f\u00fcr die Richtigkeit, Vollst\u00e4ndigkeit und Aktualit\u00e4t der Informationen.<\/p>\n<p style=\"text-align: justify;\">Diese Webseite wird durch ein Statistik- und Analytic-Tool ausgewertet. Hierzu wird die IP Adresse des Besuchers herangezogen und zu Statistikzwecken gespeichert. Sollten dieses Verhalten nicht gew\u00fcnscht sein, einfach die \u201cDo-Not-Track Option\u201d des Browsers aktivieren, dies wird ber\u00fccksichtigt.<\/p>\n<p style=\"text-align: justify;\">Bei dem Versand von Nachrichten, insbesondere der Zusendung von Rezeptw\u00fcnschen handelt es sich um eine unverschl\u00fcsselte Email, deren Weg wir nicht beeinflussen k\u00f6nnen. Bitte ber\u00fccksichtigen Sie dies bei Ihren Angaben.<\/p>","protected":false},"excerpt":{"rendered":"<p>Internistenpraxis Bernadottestrasse Marco Soltau Bernadottestrasse 1 &#8211; Altona &#8211; 22763 Hamburg Deutschland ( Germany ) Rechtliches: Zust\u00e4ndige Aufsichtsbeh\u00f6rde Kassen\u00e4rztliche Vereinigung Hamburg K\u00f6rperschaft \u00f6ffentlichen Rechts Humboldtstra\u00dfe 56 22083 Hamburg Zust\u00e4ndige Kammer \u00c4rztekammer Hamburg K\u00f6rperschaft \u00f6ffentlichen Rechts Humboldtstra\u00dfe 56 22083 Hamburg Berufsbezeichnung f\u00fcr Marco Soltau, Arzt, verliehen in der Bundesrepublik Deutschland Berufsrechtliche Regelungen finden Sie auf dieser [&hellip;]<\/p>\n","protected":false},"author":3,"featured_media":0,"parent":0,"menu_order":0,"comment_status":"closed","ping_status":"closed","template":"","meta":{"footnotes":""},"class_list":["post-243","page","type-page","status-publish","hentry"],"_links":{"self":[{"href":"https:\/\/www.internistenbernadottestrasse.de\/index.php?rest_route=\/wp\/v2\/pages\/243","targetHints":{"allow":["GET"]}}],"collection":[{"href":"https:\/\/www.internistenbernadottestrasse.de\/index.php?rest_route=\/wp\/v2\/pages"}],"about":[{"href":"https:\/\/www.internistenbernadottestrasse.de\/index.php?rest_route=\/wp\/v2\/types\/page"}],"author":[{"embeddable":true,"href":"https:\/\/www.internistenbernadottestrasse.de\/index.php?rest_route=\/wp\/v2\/users\/3"}],"replies":[{"embeddable":true,"href":"https:\/\/www.internistenbernadottestrasse.de\/index.php?rest_route=%2Fwp%2Fv2%2Fcomments&post=243"}],"version-history":[{"count":17,"href":"https:\/\/www.internistenbernadottestrasse.de\/index.php?rest_route=\/wp\/v2\/pages\/243\/revisions"}],"predecessor-version":[{"id":49067,"href":"https:\/\/www.internistenbernadottestrasse.de\/index.php?rest_route=\/wp\/v2\/pages\/243\/revisions\/49067"}],"wp:attachment":[{"href":"https:\/\/www.internistenbernadottestrasse.de\/index.php?rest_route=%2Fwp%2Fv2%2Fmedia&parent=243"}],"curies":[{"name":"wp","href":"https:\/\/api.w.org\/{rel}","templated":true}]}}