{"id":446,"date":"2017-07-10T21:29:46","date_gmt":"2017-07-10T19:29:46","guid":{"rendered":"http:\/\/www.internisten-bernadottestrasse.de\/?page_id=446"},"modified":"2024-05-28T14:11:58","modified_gmt":"2024-05-28T12:11:58","slug":"marco-soltau","status":"publish","type":"page","link":"https:\/\/www.internistenbernadottestrasse.de\/?page_id=446","title":{"rendered":"Marco Soltau"},"content":{"rendered":"<p style=\"text-align: justify;\">Herr Soltau ist Facharzt f\u00fcr Innere Medizin und Facharzt f\u00fcr Gastroenterologie und hat umfangreiche Erfahrungen im Bereich der Inneren Medizin und speziell der Gastroenterologie in gro\u00dfen Schwerpunktkliniken erworben. Bis zur \u00dcbernahme dieser Praxis war Herr Soltau als Oberarzt und sp\u00e4ter als \u00e4rztlicher Leiter f\u00fcr die Regiokliniken im station\u00e4ren und ambulanten Bereich t\u00e4tig.<\/p>\n<p style=\"text-align: justify;\">F\u00fcr Sie als Patient\/in steht grunds\u00e4tzlich sowohl eine <strong>haus\u00e4rztliche Betreuung, wie auch fach\u00e4rztlich gastroenterologische Behandlungen zur Verf\u00fcgung. <\/strong>Der haus\u00e4rztliche Bereich ist hier f\u00fcr gesetzlich Versicherte Patienten kostenfrei. Aufgrund von gesetzlichen Vorgaben ist <strong>f\u00fcr Untersuchungen &amp; Therapien aus dem Bereich der Gastroenterologie<\/strong> jedoch nur eine Abrechnung mit privaten Krankenkassen oder als Selbstzahler m\u00f6glich. Eine Abrechnung mit den gesetzlichen Krankenkassen f\u00fcr gastroenterologische Leistungen ist <strong>nicht<\/strong> m\u00f6glich. Gerne stellen wir Ihnen aber eine \u00dcberweisung zu einer gastroenterologischen Kassenpraxis aus.\nWeitere Informationen erfahren sie unter<\/p>\n<p style=\"text-align: center;\"><strong><a href=\"http:\/\/www.praxishamburg.de\" target=\"_blank\" rel=\"noopener noreferrer\">www.praxishamburg.de<\/a><\/strong><\/p>","protected":false},"excerpt":{"rendered":"<p>Herr Soltau ist Facharzt f\u00fcr Innere Medizin und Facharzt f\u00fcr Gastroenterologie und hat umfangreiche Erfahrungen im Bereich der Inneren Medizin und speziell der Gastroenterologie in gro\u00dfen Schwerpunktkliniken erworben. Bis zur \u00dcbernahme dieser Praxis war Herr Soltau als Oberarzt und sp\u00e4ter als \u00e4rztlicher Leiter f\u00fcr die Regiokliniken im station\u00e4ren und ambulanten Bereich t\u00e4tig. F\u00fcr Sie als [&hellip;]<\/p>\n","protected":false},"author":3,"featured_media":0,"parent":0,"menu_order":0,"comment_status":"closed","ping_status":"closed","template":"","meta":{"footnotes":""},"class_list":["post-446","page","type-page","status-publish","hentry"],"_links":{"self":[{"href":"https:\/\/www.internistenbernadottestrasse.de\/index.php?rest_route=\/wp\/v2\/pages\/446","targetHints":{"allow":["GET"]}}],"collection":[{"href":"https:\/\/www.internistenbernadottestrasse.de\/index.php?rest_route=\/wp\/v2\/pages"}],"about":[{"href":"https:\/\/www.internistenbernadottestrasse.de\/index.php?rest_route=\/wp\/v2\/types\/page"}],"author":[{"embeddable":true,"href":"https:\/\/www.internistenbernadottestrasse.de\/index.php?rest_route=\/wp\/v2\/users\/3"}],"replies":[{"embeddable":true,"href":"https:\/\/www.internistenbernadottestrasse.de\/index.php?rest_route=%2Fwp%2Fv2%2Fcomments&post=446"}],"version-history":[{"count":32,"href":"https:\/\/www.internistenbernadottestrasse.de\/index.php?rest_route=\/wp\/v2\/pages\/446\/revisions"}],"predecessor-version":[{"id":48814,"href":"https:\/\/www.internistenbernadottestrasse.de\/index.php?rest_route=\/wp\/v2\/pages\/446\/revisions\/48814"}],"wp:attachment":[{"href":"https:\/\/www.internistenbernadottestrasse.de\/index.php?rest_route=%2Fwp%2Fv2%2Fmedia&parent=446"}],"curies":[{"name":"wp","href":"https:\/\/api.w.org\/{rel}","templated":true}]}}