{"id":48596,"date":"2023-07-04T20:22:43","date_gmt":"2023-07-04T18:22:43","guid":{"rendered":"https:\/\/www.internistenbernadottestrasse.de\/?page_id=48596"},"modified":"2025-01-31T15:03:17","modified_gmt":"2025-01-31T13:03:17","slug":"terminvergabe-online","status":"publish","type":"page","link":"https:\/\/www.internistenbernadottestrasse.de\/?page_id=48596","title":{"rendered":"Termin buchen"},"content":{"rendered":"\n<p><strong>Bitte w\u00e4hlen Sie:<\/strong><\/p>\n\n\n\n<p><a href=\"https:\/\/www.doctolib.de\/praxis\/hamburg\/internistenpraxis-bernadottestrasse\/booking\/insurance-sector?specialityId=1302&amp;telehealth=false&amp;placeId=practice-452677&amp;bookingFunnelSource=profile\"><strong>Haus\u00e4rztlichen <\/strong>Online Termin \u00fcber den Dienstleister Doctolib (externer Link) buchen<\/a><\/p>\n\n\n\n<p><a href=\"tel:0049403900995\">Pers\u00f6nliche haus\u00e4rztliche Terminvergabe \u00fcber unser Praxisteam <strong>per Telefon<\/strong><\/a><\/p>\n\n\n\n<p><a href=\"https:\/\/www.doctolib.de\/praxis\/hamburg\/internistenpraxis-bernadottestrasse\/booking\/motives?specialityId=1097&amp;telehealth=false&amp;placeId=practice-456441&amp;isNewPatient=true&amp;isNewPatientBlocked=false&amp;insuranceSector=private&amp;insuranceSectorEnabled=true&amp;pid=practice-456441&amp;bookingFunnelSource=profile\"><strong>Gastroenterologischen <\/strong>Online Termin (Magen,- und oder Darmspiegelung etc).<\/a><\/p>\n","protected":false},"excerpt":{"rendered":"<p>Bitte w\u00e4hlen Sie: Haus\u00e4rztlichen Online Termin \u00fcber den Dienstleister Doctolib (externer Link) buchen Pers\u00f6nliche haus\u00e4rztliche Terminvergabe \u00fcber unser Praxisteam per Telefon Gastroenterologischen Online Termin (Magen,- und oder Darmspiegelung etc).<\/p>\n","protected":false},"author":3,"featured_media":0,"parent":0,"menu_order":0,"comment_status":"closed","ping_status":"closed","template":"","meta":{"footnotes":""},"class_list":["post-48596","page","type-page","status-publish","hentry"],"_links":{"self":[{"href":"https:\/\/www.internistenbernadottestrasse.de\/index.php?rest_route=\/wp\/v2\/pages\/48596","targetHints":{"allow":["GET"]}}],"collection":[{"href":"https:\/\/www.internistenbernadottestrasse.de\/index.php?rest_route=\/wp\/v2\/pages"}],"about":[{"href":"https:\/\/www.internistenbernadottestrasse.de\/index.php?rest_route=\/wp\/v2\/types\/page"}],"author":[{"embeddable":true,"href":"https:\/\/www.internistenbernadottestrasse.de\/index.php?rest_route=\/wp\/v2\/users\/3"}],"replies":[{"embeddable":true,"href":"https:\/\/www.internistenbernadottestrasse.de\/index.php?rest_route=%2Fwp%2Fv2%2Fcomments&post=48596"}],"version-history":[{"count":13,"href":"https:\/\/www.internistenbernadottestrasse.de\/index.php?rest_route=\/wp\/v2\/pages\/48596\/revisions"}],"predecessor-version":[{"id":48948,"href":"https:\/\/www.internistenbernadottestrasse.de\/index.php?rest_route=\/wp\/v2\/pages\/48596\/revisions\/48948"}],"wp:attachment":[{"href":"https:\/\/www.internistenbernadottestrasse.de\/index.php?rest_route=%2Fwp%2Fv2%2Fmedia&parent=48596"}],"curies":[{"name":"wp","href":"https:\/\/api.w.org\/{rel}","templated":true}]}}