{"id":48720,"date":"2024-01-19T23:14:35","date_gmt":"2024-01-19T21:14:35","guid":{"rendered":"https:\/\/www.internistenbernadottestrasse.de\/?page_id=48720"},"modified":"2024-05-28T13:57:47","modified_gmt":"2024-05-28T11:57:47","slug":"das-neue-e-rezept","status":"publish","type":"page","link":"https:\/\/www.internistenbernadottestrasse.de\/?page_id=48720","title":{"rendered":"Das neue e-Rezept"},"content":{"rendered":"\n<p>Liebe PatientInnen,<\/p>\n\n\n\n<p>ab dem 01.01.2024 wurde das E-Rezept verpflichtend f\u00fcr alle \u00c4rzte eingef\u00fchrt. Dadurch wird sich f\u00fcr das Bestellen von Arzneimitteln Folgendes grundlegend \u00e4ndern:<\/p>\n\n\n\n<ul class=\"wp-block-list\">\n<li><strong>Kein Rezept mehr ohne Versichertenkarte:<\/strong> Das eRezept kann nur \u00fcbertragen werden, wenn Sie Ihre Versichertenkarte vorlegen. Ihre Versichertenkarte enth\u00e4lt die notwendigen Informationen, um das eRezept sicher und fehlerfrei an die Apotheke zu \u00fcbertragen. Ausnahmen sind leider nicht m\u00f6glich. Bitte beachten Sie, dass auch wenn Sie das Rezept telefonisch anfordern, das Rezept erst nach Vorlage der Versichertenkarte erstellt werden kann.       <\/li>\n\n\n\n<li><strong>Keine sofortige Ausstellungen von Rezepten in der Praxis mehr:<\/strong> Erreicht die Rezeptbestellung uns bis 12 Uhr Mittags, erfolgt eine Freischaltung durch uns sp\u00e4testens <strong>bis 14 Uhr des Folgetags<\/strong>. Via Handy App k\u00f6nnen Sie jederzeit sehen, ob Ihr eRezept bereits freigeschaltet wurde.  <\/li>\n\n\n\n<li><strong>Einl\u00f6sen des Rezeptes in der Apotheke:<\/strong> Gehen Sie mit Ihrer Versicherungskarte in eine beliebige Apotheke. Dort k\u00f6nnen die von uns freigeschalteten Rezepte durch Vorlage der Versichertenkarte in der Apotheke abgerufen werden. Bitte beachten Sie ebenfalls die o.g. Fristen.<\/li>\n\n\n\n<li><strong>\u00dcbertragung des Rezepts via Handy-App:<\/strong> Die Abholung eines verordnetten Medikament funktioniert auch ohne die Versicherungskarte mit der <strong>E-Rezept App der Gematik<\/strong> oder Ihrer Krankenkasse in der Apotheke. Sie k\u00f6nnen,  wenn Sie die <strong>E-Rezept App der Gematik<\/strong> haben, Ihre Rezepte auf der App einsehen, \u00fcberpr\u00fcfen ob sie schon freigeschaltet wurden, und auch online versenden (z.B. an eine Versandapotheke), oder vor Ort in der Apotheke ohne erneute Vorlage der Versicherungskarte einl\u00f6sen. Dazu wird ein PIN f\u00fcr die Versichertenkarte ben\u00f6tigt, diese ist bei Ihrer Krankenkasse zu beantragen. <\/li>\n<\/ul>\n","protected":false},"excerpt":{"rendered":"<p>Liebe PatientInnen, ab dem 01.01.2024 wurde das E-Rezept verpflichtend f\u00fcr alle \u00c4rzte eingef\u00fchrt. Dadurch wird sich f\u00fcr das Bestellen von Arzneimitteln Folgendes grundlegend \u00e4ndern:<\/p>\n","protected":false},"author":3,"featured_media":0,"parent":0,"menu_order":0,"comment_status":"closed","ping_status":"closed","template":"","meta":{"footnotes":""},"class_list":["post-48720","page","type-page","status-publish","hentry"],"_links":{"self":[{"href":"https:\/\/www.internistenbernadottestrasse.de\/index.php?rest_route=\/wp\/v2\/pages\/48720","targetHints":{"allow":["GET"]}}],"collection":[{"href":"https:\/\/www.internistenbernadottestrasse.de\/index.php?rest_route=\/wp\/v2\/pages"}],"about":[{"href":"https:\/\/www.internistenbernadottestrasse.de\/index.php?rest_route=\/wp\/v2\/types\/page"}],"author":[{"embeddable":true,"href":"https:\/\/www.internistenbernadottestrasse.de\/index.php?rest_route=\/wp\/v2\/users\/3"}],"replies":[{"embeddable":true,"href":"https:\/\/www.internistenbernadottestrasse.de\/index.php?rest_route=%2Fwp%2Fv2%2Fcomments&post=48720"}],"version-history":[{"count":15,"href":"https:\/\/www.internistenbernadottestrasse.de\/index.php?rest_route=\/wp\/v2\/pages\/48720\/revisions"}],"predecessor-version":[{"id":48812,"href":"https:\/\/www.internistenbernadottestrasse.de\/index.php?rest_route=\/wp\/v2\/pages\/48720\/revisions\/48812"}],"wp:attachment":[{"href":"https:\/\/www.internistenbernadottestrasse.de\/index.php?rest_route=%2Fwp%2Fv2%2Fmedia&parent=48720"}],"curies":[{"name":"wp","href":"https:\/\/api.w.org\/{rel}","templated":true}]}}