{"id":48869,"date":"2024-09-13T10:34:54","date_gmt":"2024-09-13T08:34:54","guid":{"rendered":"https:\/\/www.internistenbernadottestrasse.de\/?page_id=48869"},"modified":"2025-01-30T07:05:57","modified_gmt":"2025-01-30T05:05:57","slug":"epa-jetzt-muessen-sie-entscheiden","status":"publish","type":"page","link":"https:\/\/www.internistenbernadottestrasse.de\/?page_id=48869","title":{"rendered":"ePA &#8211; erfolgreicher Angriff auf  D-Trust erfolgt!"},"content":{"rendered":"\n<p class=\"has-black-color has-text-color has-link-color has-medium-font-size wp-elements-d59ee45620aea26cdc93ffc76b72fc1e\"><mark style=\"background-color:rgba(0, 0, 0, 0);color:#000000\" class=\"has-inline-color\"><strong>Die neue elektronische Patientenakte (ePA) ist ab Januar 2025 f\u00fcr alle Hamburger Patienten, die nicht aktiv innerhalb einer 6 Wochenfrist nach Anschreiben durch die Krankenkasse widersprochen haben, in einer Testphase gestartet worden.<\/strong> Das bedeutet, da\u00df Ihre bei uns (und in anderen Praxen und Krankenh\u00e4usern) \u00fcber Sie gespeicherten medizinischen Daten, in eine zentrale <strong>Onlinecloud in K\u00fcrze nach Abschlu\u00df der Testphase automatisch kopiert werden<\/strong>. Wir haben dann keine M\u00f6glichkeit mehr, Ihre in die Cloud kopierten Daten zu sch\u00fctzen.<\/mark><\/p>\n\n\n\n<p class=\"has-black-color has-text-color has-link-color has-medium-font-size wp-elements-69b1ac5e76d2a013afb47894e576c164\">Noch bevor die Testphase begann, gab es leider nun einen erfolgreichen Hackerangriff auf das deutsche D-Trust Center, welches Zugangskarten, die f\u00fcr den Zugriff auf die elektronische Patientenakte notwendig sind herausgibt. (weitere Infos finden siehe mit den Suchbegriffen &#8222;hack d-trust&#8220; in den Suchmaschinen). Patientendaten seien nicht davon betroffen gewesen. In D\u00e4nemark ist es wenige Tage sp\u00e4ter zu einem erfolgreichen Hackerangriff gekommen, bei dem massenhaft Patientenakten kopiert wurden. (Suchbegriff &#8222;D\u00e4nemark Hackerangriff&#8220;).<\/p>\n\n\n\n<p class=\"has-black-color has-text-color has-link-color has-medium-font-size wp-elements-af8269fd7743c4c40a3232edc9754578\"><mark style=\"background-color:rgba(0, 0, 0, 0);color:#000000\" class=\"has-inline-color\">Die potentiellen Folgen, wenn dieser Onlinespeicher mit Daten der gesamten Bev\u00f6lkerung, die nicht widersprochen hat, in unbefugte H\u00e4nde ger\u00e4t, sollten Sie bedenken. Hackerangriffe auf solche beh\u00f6rdlichen Datenspeicher gab es in der Vergangenheit bereits in anderen L\u00e4ndern, die solche Onlineakten f\u00fchren. <\/mark><br><mark style=\"background-color:rgba(0, 0, 0, 0);color:#000000\" class=\"has-inline-color\">Wenn Sie sich gegen<\/mark> <mark style=\"background-color:rgba(0, 0, 0, 0);color:#000000\" class=\"has-inline-color\">die elektronische Patientenakte, oder f\u00fcr eine L\u00f6schung entscheiden wollen, wenden Sie sich an Ihre Krankenkasse, umgekehrt k\u00f6nnen Sie, sollten Sie sich sp\u00e4ter doch f\u00fcr die ePA entscheiden wollen, Ihren Widerspruch gegen\u00fcber der Krankenkasse von Ihnen zu einem sp\u00e4teren Zeitpunkt wieder r\u00fcckg\u00e4ngig machen. Informieren Sie sich bitte selbstst\u00e4ndig auch in unabh\u00e4ngigen Quellen, um eine Entscheidung f\u00fcr sich und ggf. Ihre Kinder zu treffen. Sollten Sie sich gegen die elektronische Patientenakte entscheiden, \u00e4ndert sich f\u00fcr Sie in der \u00e4rztlichen Behandlung nichts, Sie m\u00fcssen dann jedoch nach Anschreiben durch Ihre Krankenkasse aktiv und fristgerecht widersprechen, bzw. wenn bereits erstellt, eine L\u00f6schung der ePa beantragen. <\/mark><\/p>\n","protected":false},"excerpt":{"rendered":"<p>Die neue elektronische Patientenakte (ePA) ist ab Januar 2025 f\u00fcr alle Hamburger Patienten, die nicht aktiv innerhalb einer 6 Wochenfrist nach Anschreiben durch die Krankenkasse widersprochen haben, in einer Testphase gestartet worden. Das bedeutet, da\u00df Ihre bei uns (und in anderen Praxen und Krankenh\u00e4usern) \u00fcber Sie gespeicherten medizinischen Daten, in eine zentrale Onlinecloud in K\u00fcrze [&hellip;]<\/p>\n","protected":false},"author":3,"featured_media":0,"parent":0,"menu_order":0,"comment_status":"closed","ping_status":"closed","template":"","meta":{"footnotes":""},"class_list":["post-48869","page","type-page","status-publish","hentry"],"_links":{"self":[{"href":"https:\/\/www.internistenbernadottestrasse.de\/index.php?rest_route=\/wp\/v2\/pages\/48869","targetHints":{"allow":["GET"]}}],"collection":[{"href":"https:\/\/www.internistenbernadottestrasse.de\/index.php?rest_route=\/wp\/v2\/pages"}],"about":[{"href":"https:\/\/www.internistenbernadottestrasse.de\/index.php?rest_route=\/wp\/v2\/types\/page"}],"author":[{"embeddable":true,"href":"https:\/\/www.internistenbernadottestrasse.de\/index.php?rest_route=\/wp\/v2\/users\/3"}],"replies":[{"embeddable":true,"href":"https:\/\/www.internistenbernadottestrasse.de\/index.php?rest_route=%2Fwp%2Fv2%2Fcomments&post=48869"}],"version-history":[{"count":15,"href":"https:\/\/www.internistenbernadottestrasse.de\/index.php?rest_route=\/wp\/v2\/pages\/48869\/revisions"}],"predecessor-version":[{"id":48945,"href":"https:\/\/www.internistenbernadottestrasse.de\/index.php?rest_route=\/wp\/v2\/pages\/48869\/revisions\/48945"}],"wp:attachment":[{"href":"https:\/\/www.internistenbernadottestrasse.de\/index.php?rest_route=%2Fwp%2Fv2%2Fmedia&parent=48869"}],"curies":[{"name":"wp","href":"https:\/\/api.w.org\/{rel}","templated":true}]}}