{"id":48981,"date":"2025-04-03T19:03:01","date_gmt":"2025-04-03T17:03:01","guid":{"rendered":"https:\/\/www.internistenbernadottestrasse.de\/?page_id=48981"},"modified":"2026-01-06T13:24:51","modified_gmt":"2026-01-06T11:24:51","slug":"rezeptbestellung","status":"publish","type":"page","link":"https:\/\/www.internistenbernadottestrasse.de\/?page_id=48981","title":{"rendered":"Rezeptbestellung"},"content":{"rendered":"\n<p>Liebe Patienten,<\/p>\n\n\n\n<p>bitte schicken Sie uns eine eMail (die eMailadresse wird j\u00e4hrlich ge\u00e4ndert und hat die Form: \u201eaktuelle Jahreszahl\u201c@internistenbernadottestrasse.de) oder Fax mit <strong>Medikamentennamen<\/strong>, <strong>mg St\u00e4rke<\/strong> Angabe und <strong>Packungsgr\u00f6\u00dfe<\/strong>. Um ein Rezept zu erhalten, m\u00fcssen Sie zwingend bereits 1x im aktuellen Quartal Ihre Versicherungskarte bei uns eingelesen haben oder es in unserer Praxis mit Ihrer Versicherungskarte pers\u00f6nlich abholen.<\/p>\n","protected":false},"excerpt":{"rendered":"<p>Liebe Patienten, bitte schicken Sie uns eine eMail (die eMailadresse wird j\u00e4hrlich ge\u00e4ndert und hat die Form: \u201eaktuelle Jahreszahl\u201c@internistenbernadottestrasse.de) oder Fax mit Medikamentennamen, mg St\u00e4rke Angabe und Packungsgr\u00f6\u00dfe. Um ein Rezept zu erhalten, m\u00fcssen Sie zwingend bereits 1x im aktuellen Quartal Ihre Versicherungskarte bei uns eingelesen haben oder es in unserer Praxis mit Ihrer Versicherungskarte [&hellip;]<\/p>\n","protected":false},"author":3,"featured_media":0,"parent":0,"menu_order":0,"comment_status":"closed","ping_status":"closed","template":"","meta":{"footnotes":""},"class_list":["post-48981","page","type-page","status-publish","hentry"],"_links":{"self":[{"href":"https:\/\/www.internistenbernadottestrasse.de\/index.php?rest_route=\/wp\/v2\/pages\/48981","targetHints":{"allow":["GET"]}}],"collection":[{"href":"https:\/\/www.internistenbernadottestrasse.de\/index.php?rest_route=\/wp\/v2\/pages"}],"about":[{"href":"https:\/\/www.internistenbernadottestrasse.de\/index.php?rest_route=\/wp\/v2\/types\/page"}],"author":[{"embeddable":true,"href":"https:\/\/www.internistenbernadottestrasse.de\/index.php?rest_route=\/wp\/v2\/users\/3"}],"replies":[{"embeddable":true,"href":"https:\/\/www.internistenbernadottestrasse.de\/index.php?rest_route=%2Fwp%2Fv2%2Fcomments&post=48981"}],"version-history":[{"count":4,"href":"https:\/\/www.internistenbernadottestrasse.de\/index.php?rest_route=\/wp\/v2\/pages\/48981\/revisions"}],"predecessor-version":[{"id":49090,"href":"https:\/\/www.internistenbernadottestrasse.de\/index.php?rest_route=\/wp\/v2\/pages\/48981\/revisions\/49090"}],"wp:attachment":[{"href":"https:\/\/www.internistenbernadottestrasse.de\/index.php?rest_route=%2Fwp%2Fv2%2Fmedia&parent=48981"}],"curies":[{"name":"wp","href":"https:\/\/api.w.org\/{rel}","templated":true}]}}