{"id":49110,"date":"2026-01-15T20:37:46","date_gmt":"2026-01-15T18:37:46","guid":{"rendered":"https:\/\/www.internistenbernadottestrasse.de\/?page_id=49110"},"modified":"2026-01-15T20:40:00","modified_gmt":"2026-01-15T18:40:00","slug":"warum-sind-die-wartezeiten-auf-facharzttermine-solange","status":"publish","type":"page","link":"https:\/\/www.internistenbernadottestrasse.de\/?page_id=49110","title":{"rendered":"Warum sind die Wartezeiten auf Facharzttermine solange?"},"content":{"rendered":"\n<p>Liebe Patienten, wenn Sie als gesetzlich versicherter Patient zu einem Facharzt\/\u00e4rztin wie z.B. Kardiologen oder Dermatologen o.\u00e4. gehen wollen, sind Sie h\u00e4ufig mit mehreren Wochen bis Monaten Wartezeiten konfrontiert.<br>Als privat versicherter Patient oder Selbstzahler l\u00e4\u00dft sich aber die Wartezeit oft deutlich verk\u00fcrzen. <\/p>\n\n\n\n<p>Die Anzahl der verf\u00fcgbaren Facharzttermine f\u00fcr gesetzlich versicherte Patienten ist in erster Linie abh\u00e4ngig von dem &#8222;Geldtopf&#8220;, Budget genannt, dessen Geldmenge die kassen\u00e4rztliche Vereinigung f\u00fcr eine Arztpraxis festlegt. So erhalten z.B. die kardiologischen Praxen eine festgelegte Geldmenge f\u00fcr ein Quartal von der Kassen\u00e4rztlichen Vereinigung zugesagt. Die Arztpraxis kann daraus ableiten, wieviel Termine (mit Arztleistungen) f\u00fcr diese Geldmenge bezahlt werden k\u00f6nnen. Erbringt die Praxis weniger Leistung, als das Budget erlaubt, wird ihr das Budget entsprechend f\u00fcr die Zukunft sogar gek\u00fcrzt. Das h\u00e4tte zur Folge, da\u00df das der Praxis zugesagte Geld (Budget) jedes Quartal weniger werden w\u00fcrde. Das wiederum bedeutet, da\u00df die Praxis immer etwas h\u00f6her, als das von der kassen\u00e4rztliche Vereinigung vorgesehene Budget  Leistungen erbingt, um sicher ihr Budget nicht zu verlieren. Die Praxis muss also systembedingt einen gewissen Anteil ihrer Arbeit umsonst erbringen. Zus\u00e4tzlich ist die Mindestanzahl an (kassen\u00e4rztlichen-) Sprechstunden pro Woche gesetzlich festgelegt.<\/p>\n\n\n\n<p>Um die Verf\u00fcgbarkeit von Terminen zu verbessern, m\u00fcsste die aktuelle Gesundheitsministerin zun\u00e4chst daf\u00fcr sorgen, da\u00df auch alle Arztleistungen bezahlt werden. Solange es eine Begrenzung in der Bezahlung von Leistungen geben wird, werden nat\u00fcrlich automatisch auch die Termine f\u00fcr gesetzlich versicherte Patienten begrenzt sein m\u00fcssen.<\/p>\n","protected":false},"excerpt":{"rendered":"<p>Liebe Patienten, wenn Sie als gesetzlich versicherter Patient zu einem Facharzt\/\u00e4rztin wie z.B. Kardiologen oder Dermatologen o.\u00e4. gehen wollen, sind Sie h\u00e4ufig mit mehreren Wochen bis Monaten Wartezeiten konfrontiert.Als privat versicherter Patient oder Selbstzahler l\u00e4\u00dft sich aber die Wartezeit oft deutlich verk\u00fcrzen. Die Anzahl der verf\u00fcgbaren Facharzttermine f\u00fcr gesetzlich versicherte Patienten ist in erster Linie [&hellip;]<\/p>\n","protected":false},"author":3,"featured_media":0,"parent":0,"menu_order":0,"comment_status":"closed","ping_status":"closed","template":"","meta":{"footnotes":""},"class_list":["post-49110","page","type-page","status-publish","hentry"],"_links":{"self":[{"href":"https:\/\/www.internistenbernadottestrasse.de\/index.php?rest_route=\/wp\/v2\/pages\/49110","targetHints":{"allow":["GET"]}}],"collection":[{"href":"https:\/\/www.internistenbernadottestrasse.de\/index.php?rest_route=\/wp\/v2\/pages"}],"about":[{"href":"https:\/\/www.internistenbernadottestrasse.de\/index.php?rest_route=\/wp\/v2\/types\/page"}],"author":[{"embeddable":true,"href":"https:\/\/www.internistenbernadottestrasse.de\/index.php?rest_route=\/wp\/v2\/users\/3"}],"replies":[{"embeddable":true,"href":"https:\/\/www.internistenbernadottestrasse.de\/index.php?rest_route=%2Fwp%2Fv2%2Fcomments&post=49110"}],"version-history":[{"count":2,"href":"https:\/\/www.internistenbernadottestrasse.de\/index.php?rest_route=\/wp\/v2\/pages\/49110\/revisions"}],"predecessor-version":[{"id":49113,"href":"https:\/\/www.internistenbernadottestrasse.de\/index.php?rest_route=\/wp\/v2\/pages\/49110\/revisions\/49113"}],"wp:attachment":[{"href":"https:\/\/www.internistenbernadottestrasse.de\/index.php?rest_route=%2Fwp%2Fv2%2Fmedia&parent=49110"}],"curies":[{"name":"wp","href":"https:\/\/api.w.org\/{rel}","templated":true}]}}