{"id":63,"date":"2010-09-20T13:41:28","date_gmt":"2010-09-20T13:41:28","guid":{"rendered":"http:\/\/192.168.178.22\/?page_id=63"},"modified":"2022-08-02T06:26:47","modified_gmt":"2022-08-02T04:26:47","slug":"ueber_uns","status":"publish","type":"page","link":"https:\/\/www.internistenbernadottestrasse.de\/?page_id=63","title":{"rendered":"\u00dcber uns"},"content":{"rendered":"<p style=\"text-align: justify;\">Wir sind eine seit vielen Jahrzehnten in Ottensen ans\u00e4ssige internistische Praxis, die sich dem Stadtteil und seinen Bewohnern eng verbunden f\u00fchlt. So ist es nahe liegend, dass wir haus\u00e4rztlich t\u00e4tig sind.<\/p>\n<p style=\"text-align: justify;\">Wir bieten eine individuelle haus\u00e4rztliche Betreuung unserer Patientinnen und Patienten vor dem Hintergrund eines breiten Fachwissens und Leistungsspektrums.<\/p>\n<p style=\"text-align: justify;\">Wir bieten Ihnen qualifizierte fach\u00e4rztliche Untersuchungen in den Bereichen Schilddr\u00fcse, Herz und Gef\u00e4\u00dfe, Schlafst\u00f6rungen, Lungen-, Bronchial- und Baucherkrankungen .<\/p>\n<p style=\"text-align: justify;\">Um einen m\u00f6glichst reibungslosen Ablauf \u00fcber ein Erstgespr\u00e4ch, die Diagnostik und Therapie sowie ein abschlie\u00dfendes Gespr\u00e4ch zu gew\u00e4hrleisten, bitten wir um Anmeldung.<\/p>\n<p style=\"text-align: justify;\">Durchgehend \u00a0gilt das Interesse \u00a0immer einer sorgf\u00e4ltigen, fachlich hochqualifizierten \u00a0und zuwendungsintensiven Betreuung unserer Patienten. Regelm\u00e4\u00dfige Fortbildung \u00a0ist seit jeher eine Selbstverst\u00e4ndlichkeit.<\/p>\n<p style=\"text-align: justify;\">Seit 2010 wird ein Qualit\u00e4tsmanagement aktiv gelebt.<\/p>\n\n<ul>\n \t<li><a title=\"Marco Soltau\" href=\"https:\/\/www.internistenbernadottestrasse.de\/?page_id=446\">Herr Soltau<\/a><\/li>\n \t<li style=\"text-align: justify;\"><a title=\"Assistenz\" href=\"https:\/\/www.internistenbernadottestrasse.de\/?page_id=350\">Assistenz<\/a><\/li>\n<\/ul>","protected":false},"excerpt":{"rendered":"<p>Wir sind eine seit vielen Jahrzehnten in Ottensen ans\u00e4ssige internistische Praxis, die sich dem Stadtteil und seinen Bewohnern eng verbunden f\u00fchlt. So ist es nahe liegend, dass wir haus\u00e4rztlich t\u00e4tig sind. Wir bieten eine individuelle haus\u00e4rztliche Betreuung unserer Patientinnen und Patienten vor dem Hintergrund eines breiten Fachwissens und Leistungsspektrums. Wir bieten Ihnen qualifizierte fach\u00e4rztliche Untersuchungen [&hellip;]<\/p>\n","protected":false},"author":3,"featured_media":0,"parent":0,"menu_order":0,"comment_status":"closed","ping_status":"closed","template":"","meta":{"footnotes":""},"class_list":["post-63","page","type-page","status-publish","hentry"],"_links":{"self":[{"href":"https:\/\/www.internistenbernadottestrasse.de\/index.php?rest_route=\/wp\/v2\/pages\/63","targetHints":{"allow":["GET"]}}],"collection":[{"href":"https:\/\/www.internistenbernadottestrasse.de\/index.php?rest_route=\/wp\/v2\/pages"}],"about":[{"href":"https:\/\/www.internistenbernadottestrasse.de\/index.php?rest_route=\/wp\/v2\/types\/page"}],"author":[{"embeddable":true,"href":"https:\/\/www.internistenbernadottestrasse.de\/index.php?rest_route=\/wp\/v2\/users\/3"}],"replies":[{"embeddable":true,"href":"https:\/\/www.internistenbernadottestrasse.de\/index.php?rest_route=%2Fwp%2Fv2%2Fcomments&post=63"}],"version-history":[{"count":31,"href":"https:\/\/www.internistenbernadottestrasse.de\/index.php?rest_route=\/wp\/v2\/pages\/63\/revisions"}],"predecessor-version":[{"id":48462,"href":"https:\/\/www.internistenbernadottestrasse.de\/index.php?rest_route=\/wp\/v2\/pages\/63\/revisions\/48462"}],"wp:attachment":[{"href":"https:\/\/www.internistenbernadottestrasse.de\/index.php?rest_route=%2Fwp%2Fv2%2Fmedia&parent=63"}],"curies":[{"name":"wp","href":"https:\/\/api.w.org\/{rel}","templated":true}]}}