{"id":69,"date":"2010-09-20T14:32:20","date_gmt":"2010-09-20T14:32:20","guid":{"rendered":"http:\/\/192.168.178.22\/?page_id=69"},"modified":"2026-03-27T12:53:05","modified_gmt":"2026-03-27T10:53:05","slug":"wir_arbeiten","status":"publish","type":"page","link":"https:\/\/www.internistenbernadottestrasse.de\/?page_id=69","title":{"rendered":"Haus\u00e4rztliche Praxissprechzeiten:"},"content":{"rendered":"<table style=\"border: 0px; width: 80%;\" cellspacing=\"5\" cellpadding=\"0\" align=\"center\">\n<tbody>\n<tr style=\"border: 1px solid #4c79a8;\">\n<td style=\"border: 1px solid #4c79a8;\" align=\"center\">Montag<\/td>\n<td style=\"border: 1px solid #4c79a8;\" align=\"center\">Dienstag<\/td>\n<td style=\"border: 1px solid #4c79a8;\" align=\"center\">Mittwoch<\/td>\n<td style=\"border: 1px solid #4c79a8;\" align=\"center\">Donnerstag<\/td>\n<td style=\"border: 1px solid #4c79a8;\" align=\"center\">Freitag<\/td>\n<\/tr>\n<tr style=\"border: 1px solid #4c79a8; width: 80%;\">\n<td align=\"center\">08:00 &#8211; 11:00<\/td>\n<td align=\"center\">08:00 &#8211; 11:00<\/td>\n<td align=\"center\">08:00 &#8211; 11:00<\/td>\n<td align=\"center\">08:00 &#8211; 11:00<\/td>\n<td align=\"center\">08:00 &#8211; 12:00<\/td>\n<\/tr>\n<tr style=\"border: 1px solid #4c79a8; width: 80%;\">\n<td align=\"center\">16:00 &#8211; 18:00<\/td>\n<td align=\"center\">16:00 &#8211; 18:00<\/td>\n<td align=\"center\"><\/td>\n<td align=\"center\">16:00 &#8211; 18:00<\/td>\n<td align=\"center\"><\/td>\n<\/tr>\n<\/tbody>\n<\/table>\n<p style=\"text-align: justify;\">Wir sind eine Terminpraxis um die Wartezeiten kurz zu halten.<\/p>\n<p style=\"text-align: left;\"><strong>Bei akuter Erkrankung<\/strong> kommen Sie bitte <strong>Montags bis Freitags zwischen 8 und 8:45 Uhr <\/strong><strong>mit Wartezeit in unsere Akutsprechstunde (gerne \u00fcber die <a href=\"https:\/\/www.internistenbernadottestrasse.de\/?page_id=48596\">Terminbuchung<\/a>), <\/strong>ansonsten k\u00f6nnen wir Sie u.U. am selben Tag nicht mehr ber\u00fccksichtigen.<\/p>\n<strong>Bei Erk\u00e4ltungskrankheiten ist eine Krankschreibung telefonisch m\u00f6glich, wenn Sie in diesem Quartal bereits bei uns waren. Nach einer telefonischen Arbeitsunf\u00e4higkeitsmeldung, m\u00fcssen Sie &#8211; wenn eine Verl\u00e4ngerung gew\u00fcnscht ist &#8211; aber pers\u00f6nlich (mit FFP Maske und ggf. negativen Covid Test) vorbeikommen. <\/strong>\n\n<strong>Sollten Sie krankheitsbedingt unsere Praxis nicht sofort erreichen k\u00f6nnen, nehmen Sie bitte unbedingt am 1.Tag telefonisch oder ggf. per eMail Kontakt mit uns auf.\u00a0<\/strong> (Kontakt: <a href=\"https:\/\/www.internistenbernadottestrasse.de\/?page_id=238\">click<\/a>).\n\nBitte haben Sie Verst\u00e4ndnis, da\u00df <strong>f\u00fcr Akuttermine<\/strong> nur ein <strong>kurzes Zeitfenster<\/strong> reserviert werden kann. Gerne nehmen wir uns <strong>nicht akuter<\/strong> W\u00fcnsche an einem weiteren Termin mit mehr Zeit an.\n<p style=\"text-align: justify;\">Vielen Dank f\u00fcr Ihr Verst\u00e4ndnis.<\/p>\n<p style=\"text-align: justify;\">Ihr Praxisteam<\/p>\n<p style=\"text-align: justify;\"><strong>Au\u00dferhalb der Sprechstundenzeiten erreichen Sie den Notdienst der Kassen\u00e4rztlichen Vereinigung Hamburg unter der Rufnummer: 116 117<\/strong><\/p>","protected":false},"excerpt":{"rendered":"<p>Montag Dienstag Mittwoch Donnerstag Freitag 08:00 &#8211; 11:00 08:00 &#8211; 11:00 08:00 &#8211; 11:00 08:00 &#8211; 11:00 08:00 &#8211; 12:00 16:00 &#8211; 18:00 16:00 &#8211; 18:00 16:00 &#8211; 18:00 Wir sind eine Terminpraxis um die Wartezeiten kurz zu halten. Bei akuter Erkrankung kommen Sie bitte Montags bis Freitags zwischen 8 und 8:45 Uhr mit Wartezeit [&hellip;]<\/p>\n","protected":false},"author":3,"featured_media":0,"parent":0,"menu_order":0,"comment_status":"closed","ping_status":"closed","template":"","meta":{"footnotes":""},"class_list":["post-69","page","type-page","status-publish","hentry"],"_links":{"self":[{"href":"https:\/\/www.internistenbernadottestrasse.de\/index.php?rest_route=\/wp\/v2\/pages\/69","targetHints":{"allow":["GET"]}}],"collection":[{"href":"https:\/\/www.internistenbernadottestrasse.de\/index.php?rest_route=\/wp\/v2\/pages"}],"about":[{"href":"https:\/\/www.internistenbernadottestrasse.de\/index.php?rest_route=\/wp\/v2\/types\/page"}],"author":[{"embeddable":true,"href":"https:\/\/www.internistenbernadottestrasse.de\/index.php?rest_route=\/wp\/v2\/users\/3"}],"replies":[{"embeddable":true,"href":"https:\/\/www.internistenbernadottestrasse.de\/index.php?rest_route=%2Fwp%2Fv2%2Fcomments&post=69"}],"version-history":[{"count":37,"href":"https:\/\/www.internistenbernadottestrasse.de\/index.php?rest_route=\/wp\/v2\/pages\/69\/revisions"}],"predecessor-version":[{"id":49137,"href":"https:\/\/www.internistenbernadottestrasse.de\/index.php?rest_route=\/wp\/v2\/pages\/69\/revisions\/49137"}],"wp:attachment":[{"href":"https:\/\/www.internistenbernadottestrasse.de\/index.php?rest_route=%2Fwp%2Fv2%2Fmedia&parent=69"}],"curies":[{"name":"wp","href":"https:\/\/api.w.org\/{rel}","templated":true}]}}