{"id":77,"date":"2010-09-20T14:36:13","date_gmt":"2010-09-20T14:36:13","guid":{"rendered":"http:\/\/192.168.178.22\/?page_id=77"},"modified":"2024-09-02T17:01:04","modified_gmt":"2024-09-02T15:01:04","slug":"wir_bieten","status":"publish","type":"page","link":"https:\/\/www.internistenbernadottestrasse.de\/?page_id=77","title":{"rendered":"Praxisangebot"},"content":{"rendered":"\n<p>Neben der hohen fachlichen Qualifikation durch Arzt und Assistenz stehen Ihnen modernste Ger\u00e4te und Techniken f\u00fcr eine umfassende Diagnostik und Behandlung zur Verf\u00fcgung. Manche medizinischen Leistungen k\u00f6nnen bei der Behandlung Ihrer Beschwerden sinnvoll sein, werden aber dennoch nicht von der gesetzlichen Krankenkasse erstattet.<\/p>\n\n\n\n<p>Gerne informieren wir Sie hierbei \u00fcber die zu erwartenden Kosten.<\/p>\n\n\n\n<p><strong>Wir bieten Ihnen:<\/strong><\/p>\n\n\n\n<ul class=\"wp-block-list\">\n<li>Akutuntersuchungen bei&nbsp; Beschwerden<\/li>\n\n\n\n<li>Vorsorgeuntersuchungen um Beschwerden zu vermeiden<\/li>\n\n\n\n<li>Alternativmedizin: <a href=\"https:\/\/www.internistenbernadottestrasse.de\/?page_id=11705\">Akupunktur*<\/a>, Ern\u00e4hrungsmedizin*<\/li>\n<\/ul>\n\n\n\n<p><strong>Internistische Diagnostik:<\/strong><\/p>\n\n\n\n<ul class=\"wp-block-list\">\n<li>Ausf\u00fchrliches Diagnose- und Beratungsgespr\u00e4ch<\/li>\n\n\n\n<li>Ultraschall der Bauchorgane (als Kassenleistung nur nach R\u00fccksprache in Einzelf\u00e4llen m\u00f6glich)<\/li>\n\n\n\n<li>Ultraschall der Schilddr\u00fcse **<\/li>\n\n\n\n<li>Ultraschall der peripheren Arterien und Venen **<\/li>\n\n\n\n<li>Hautkrebsscreening<\/li>\n\n\n\n<li>Umfangreiche Labordiagnostik<\/li>\n\n\n\n<li>Reiseimpfberatung*<\/li>\n\n\n\n<li>Sportmedizinische Untersuchungen*<\/li>\n\n\n\n<li>Versicherungsuntersuchungen mit Befundbericht und Attest*<\/li>\n<\/ul>\n\n\n\n<p><strong>Kardiologische und pulmologische Diagnostik:<\/strong><\/p>\n\n\n\n<ul class=\"wp-block-list\">\n<li>Ruhe-EKG<\/li>\n\n\n\n<li>Langzeit Blutdruckmessung<\/li>\n\n\n\n<li>Lungenfunktionspr\u00fcfung<\/li>\n<\/ul>\n\n\n\n<p><strong>Gastroenterologische Diagnostik (<a href=\"http:\/\/www.praxishamburg.de\">www.praxishamburg.de<\/a>)<br>\n<\/strong><\/p>\n\n\n\n<ul class=\"wp-block-list\">\n<li><a href=\"https:\/\/www.praxishamburg.de\/?page_id=36\">Magen<\/a> und <a href=\"https:\/\/www.praxishamburg.de\/?page_id=33\">Darmspiegelungen<\/a> **<\/li>\n\n\n\n<li><a href=\"https:\/\/www.praxishamburg.de\/?page_id=71\">Mikrobiologische Reizdarmdiagnostik und Therapie<\/a> *<\/li>\n\n\n\n<li>Nahrungsmittelunvertr\u00e4glichkeitsdiagnostik**: Atemteste zur Unvertr\u00e4glichkeit von Laktose, Fruktose, u.a. Zuckern und S\u00fc\u00dfstoffen als praktischer Test f\u00fcr zu Hause<\/li>\n\n\n\n<li>Abkl\u00e4rung von Lebererkrankungen**<\/li>\n\n\n\n<li>Abkl\u00e4rung aller Darmerkrankungen**<\/li>\n<\/ul>\n\n\n\n<p><strong>Gesundheits-Check<\/strong><\/p>\n\n\n\n<p>als medizinische Vorsorgeuntersuchung k\u00f6nnen gesetzlich Krankenversicherte ab dem 35. Lebensjahr alle 3 Jahre in Anspruch nehmen. Diese Untersuchung beinhaltet eine k\u00f6rperliche Untersuchung, die Inspektion aller Hautoberfl\u00e4chen und der sichtbaren Schleimh\u00e4ute, eine Blutuntersuchung (Glucose, Kreatinin und Blutfette) und eine Urinuntersuchung. Als Selbstzahler oder privatversicherter Patient bieten wir sinnvolle Erg\u00e4nzungen an, um Ihre Vorsorge sinnvoll zu erg\u00e4nzen.<\/p>\n\n\n\n<p><strong>Krebsvorsorgeuntersuchung (M\u00e4nner)<\/strong><\/p>\n\n\n\n<p>Eine Krebsvorsorgeuntersuchung ist f\u00fcr gesetzlich krankenversicherte M\u00e4nner ab dem 45. Lebensjahr einmal j\u00e4hrlich in unserer Praxis m\u00f6glich. Sie beinhaltet das Abtasten der Genitalien, der Prostata und des Enddarmes sowie einen Stuhltest auf verborgenes Blut (H\u00e4moccult).<\/p>\n\n\n\n<p><strong>Hautkrebsscreening<\/strong><\/p>\n\n\n\n<p>Diese Untersuchung beinhaltet eine Inspektion aller Haut- und sichtbaren Schleimhautoberfl\u00e4chen.<\/p>\n\n\n\n<p>Dar\u00fcber hinaus gehende Untersuchungen bieten wir Ihnen als Individuelle Gesundheitsleistungen (IGEL) an. Diese werden nach der Geb\u00fchrenordnung f\u00fcr \u00c4rzte (GO\u00c4) berechnet.<br>\nWir bieten in unserer Praxis nur medizinisch sinnvolle Leistungen an.<\/p>\n\n\n\n<p class=\"has-text-align-left\">*dieser Bereich wird von gesetzlichen Versicherungen nicht \u00fcbernommen und muss bei gesetzlich versicherten Patienten selber bezahlt werden. Zur Erstattung ist eine private Krankenversicherung n\u00f6tig.<\/p>\n\n\n\n<p class=\"has-text-align-left\">** dieser Bereich kann als gesetzlich versicherter Patient bei bestimmten Fach\u00e4rzten in gesetzlichen Praxen in der Regel ohne weitere Kosten in Anspruch genommen werden. Eine \u00dcberweisung stellen wir Ihnen gerne aus.<\/p>\n","protected":false},"excerpt":{"rendered":"<p>Neben der hohen fachlichen Qualifikation durch Arzt und Assistenz stehen Ihnen modernste Ger\u00e4te und Techniken f\u00fcr eine umfassende Diagnostik und Behandlung zur Verf\u00fcgung. Manche medizinischen Leistungen k\u00f6nnen bei der Behandlung Ihrer Beschwerden sinnvoll sein, werden aber dennoch nicht von der gesetzlichen Krankenkasse erstattet. Gerne informieren wir Sie hierbei \u00fcber die zu erwartenden Kosten. Wir bieten [&hellip;]<\/p>\n","protected":false},"author":3,"featured_media":0,"parent":0,"menu_order":0,"comment_status":"closed","ping_status":"closed","template":"","meta":{"footnotes":""},"class_list":["post-77","page","type-page","status-publish","hentry"],"_links":{"self":[{"href":"https:\/\/www.internistenbernadottestrasse.de\/index.php?rest_route=\/wp\/v2\/pages\/77","targetHints":{"allow":["GET"]}}],"collection":[{"href":"https:\/\/www.internistenbernadottestrasse.de\/index.php?rest_route=\/wp\/v2\/pages"}],"about":[{"href":"https:\/\/www.internistenbernadottestrasse.de\/index.php?rest_route=\/wp\/v2\/types\/page"}],"author":[{"embeddable":true,"href":"https:\/\/www.internistenbernadottestrasse.de\/index.php?rest_route=\/wp\/v2\/users\/3"}],"replies":[{"embeddable":true,"href":"https:\/\/www.internistenbernadottestrasse.de\/index.php?rest_route=%2Fwp%2Fv2%2Fcomments&post=77"}],"version-history":[{"count":42,"href":"https:\/\/www.internistenbernadottestrasse.de\/index.php?rest_route=\/wp\/v2\/pages\/77\/revisions"}],"predecessor-version":[{"id":48841,"href":"https:\/\/www.internistenbernadottestrasse.de\/index.php?rest_route=\/wp\/v2\/pages\/77\/revisions\/48841"}],"wp:attachment":[{"href":"https:\/\/www.internistenbernadottestrasse.de\/index.php?rest_route=%2Fwp%2Fv2%2Fmedia&parent=77"}],"curies":[{"name":"wp","href":"https:\/\/api.w.org\/{rel}","templated":true}]}}